{"id":44,"date":"2024-09-25T07:31:17","date_gmt":"2024-09-25T05:31:17","guid":{"rendered":"https:\/\/clicknclean.es\/farmacia\/?post_type=product&#038;p=44"},"modified":"2024-09-25T07:31:17","modified_gmt":"2024-09-25T05:31:17","slug":"movi-mob","status":"publish","type":"product","link":"https:\/\/clicknclean.es\/farmacia\/product\/movi-mob\/","title":{"rendered":"Movi Mob"},"content":{"rendered":"<table>\n<tbody>\n<tr>\n<td>Sitio web<\/td>\n<td>MoviMob.es<\/td>\n<\/tr>\n<tr>\n<td>Acci\u00f3n<\/td>\n<td>\u2714 Alivia el dolor y la rigidez;<br \/>\n\u2714 Restaura la movilidad;<br \/>\n\u2714 Mejora los procesos metab\u00f3licos locales.<\/td>\n<\/tr>\n<tr>\n<td>Componentes<\/td>\n<td>\u2714 Concentrado de mariscos;<br \/>\n\u2714 Concentrado de ADN de lecha de salm\u00f3n;<br \/>\n\u2714 Concentrado de partici\u00f3n de nuez;<br \/>\n\u2714 Aceite de semilla de amaranto.<\/td>\n<\/tr>\n<tr>\n<td>Instrucciones de uso<\/td>\n<td>\u2714 Abra 1 c\u00e1psula y beba su contenido.<br \/>\n\u2714 No mantener la ampolla abierta por m\u00e1s de 5 minutos.<br \/>\n\u2714 Debes ingerir alimentos 30 minutos despu\u00e9s de tomar el producto.<\/td>\n<\/tr>\n<tr>\n<td>Volumen<\/td>\n<td>30 c\u00e1psulas<\/td>\n<\/tr>\n<tr>\n<td>Precio<\/td>\n<td>\ud83d\uded1 780 MXN<\/td>\n<\/tr>\n<tr>\n<td>Entrega<\/td>\n<td>1-3 d\u00edas<\/td>\n<\/tr>\n<\/tbody>\n<\/table>\n<h2><b>Movi Mob para las articulaciones: \u00a1mejora notable en 10 d\u00edas!<\/b><\/h2>\n<p><img loading=\"lazy\" decoding=\"async\" class=\"aligncenter size-full wp-image-37\" src=\"http:\/\/clicknclean.es\/farmacia\/wp-content\/uploads\/2024\/09\/Movi-Mob-5.jpg\" alt=\"Movi Mob para que sirve\" width=\"500\" height=\"368\" srcset=\"https:\/\/clicknclean.es\/farmacia\/wp-content\/uploads\/2024\/09\/Movi-Mob-5.jpg 500w, https:\/\/clicknclean.es\/farmacia\/wp-content\/uploads\/2024\/09\/Movi-Mob-5-300x221.jpg 300w\" sizes=\"(max-width: 500px) 100vw, 500px\" \/><\/p>\n<p>Movi Mob para las articulaciones es un complemento alimenticio biol\u00f3gicamente activo, que se presenta en forma de c\u00e1psulas contenidas en un medio activo. La ampolla se compone \u00fanicamente de sustancias activas naturales, sin componentes adicionales o auxiliares.<\/p>\n<p>Gracias a esta forma de liberaci\u00f3n, para que sirve Movi Mob es completamente absorbido por el organismo, por lo que es 6 veces m\u00e1s eficaz que las tabletas y otros an\u00e1logos existentes en el mercado. Las c\u00e1psulas ingresan al cuerpo junto con el l\u00edquido, lo que protege los componentes activos de la desintegraci\u00f3n bajo la influencia del \u00e1cido clorh\u00eddrico en el est\u00f3mago.<\/p>\n<p>Movi Mob fue desarrollado por ortopedistas nacionales durante 4 a\u00f1os. Como resultado, apareci\u00f3 en el mercado un producto que no tiene an\u00e1logos. Ayuda incluso a aquellos pacientes que ya desesperaban de recuperarse y aceptaron la cirug\u00eda.<\/p>\n<p>Movi Mob es un complemento nutricional patentado que restablece la movilidad total y alivia incluso las inflamaciones m\u00e1s graves. Devuelve el estado normal del tejido conectivo, mejora la circulaci\u00f3n sangu\u00ednea en las zonas afectadas. Ayuda a curar fracturas complejas, desgarros de ligamentos y esguinces musculares. Previene el desplazamiento de las v\u00e9rtebras y el pellizco de los nervios intercostales.<\/p>\n<h2><b>Dolor de rodilla<\/b><\/h2>\n<p>La rodilla es una de las articulaciones m\u00e1s grandes y complejas del esqueleto humano. La articulaci\u00f3n de la rodilla est\u00e1 sometida a una tensi\u00f3n casi constante. Se pueden observar sensaciones dolorosas tanto en reposo como durante los movimientos de flexi\u00f3n y extensi\u00f3n.<\/p>\n<p>La causa del dolor en la articulaci\u00f3n de la rodilla puede ser:<\/p>\n<ul>\n<li aria-level=\"1\">Lesiones articulares menores con sangrado en tejidos blandos. Una lesi\u00f3n en la articulaci\u00f3n de la rodilla causa hinchaz\u00f3n, dolor y movimiento limitado. En casos graves, la temperatura local aumenta, pero no se produce alivio con el tiempo.<\/li>\n<li aria-level=\"1\">Lesiones de menisco. Los m\u00e1s comunes son los desgarros y la compresi\u00f3n del menisco. Durante la flexi\u00f3n o extensi\u00f3n brusca, aparece un fuerte clic y un dolor agudo. Las sensaciones dolorosas y punzantes a menudo provocan la inmovilidad de la pierna.<\/li>\n<li aria-level=\"1\">Una rotura del ligamento de la rodilla es una lesi\u00f3n grave que puede combinarse con una fractura. La articulaci\u00f3n est\u00e1 en una posici\u00f3n antinatural.<\/li>\n<li aria-level=\"1\">Enfermedades inflamatorias: artritis, sinovitis, bursitis. El proceso puede afectar no s\u00f3lo a la articulaci\u00f3n, sino tambi\u00e9n a los tendones, las membranas de la c\u00e1psula articular y los tejidos blandos.<\/li>\n<li aria-level=\"1\">La osteoporosis es una enfermedad que provoca un aumento de la fragilidad \u00f3sea. La enfermedad se acompa\u00f1a de calambres nocturnos y dolor en la columna.<\/li>\n<li aria-level=\"1\">La osteomielitis es una patolog\u00eda purulenta-necr\u00f3tica de origen bacteriano. Los pacientes se quejan de malestar general, fiebre alta, enrojecimiento e hinchaz\u00f3n de la articulaci\u00f3n.<\/li>\n<\/ul>\n<h2><b>Indicaciones de uso Movi Mob<\/b><\/h2>\n<p><img loading=\"lazy\" decoding=\"async\" class=\"aligncenter size-full wp-image-36\" src=\"http:\/\/clicknclean.es\/farmacia\/wp-content\/uploads\/2024\/09\/Movi-Mob-4.jpg\" alt=\"Movi Mob donde lo venden\" width=\"500\" height=\"329\" srcset=\"https:\/\/clicknclean.es\/farmacia\/wp-content\/uploads\/2024\/09\/Movi-Mob-4.jpg 500w, https:\/\/clicknclean.es\/farmacia\/wp-content\/uploads\/2024\/09\/Movi-Mob-4-300x197.jpg 300w\" sizes=\"(max-width: 500px) 100vw, 500px\" \/><\/p>\n<p>Ya alrededor de 150 destacados ortopedistas expresaron su opini\u00f3n positiva y recomendaron Movi Mob:<\/p>\n<ul>\n<li aria-level=\"1\">ante los primeros signos de enfermedades de las articulaciones: crujidos y entumecimiento por la ma\u00f1ana, rigidez y ganas de estirarse un poco al levantarse de la cama, dolor cuando cambia el tiempo;<\/li>\n<li aria-level=\"1\">para patolog\u00edas existentes: bursitis, sinovitis, enfermedad de Peyronie, osteoporosis, osteocondrosis, reumatismo, artritis de diversas etiolog\u00edas, cualquier proceso infeccioso e inflamatorio que conduzca a su destrucci\u00f3n;<\/li>\n<li aria-level=\"1\">con cambios graves en las articulaciones, por lo que tuvo que cambiar su estilo de vida, no dormir por las noches debido a un dolor insoportable y vivir con el temor de quedar discapacitado.<\/li>\n<\/ul>\n<p>Si respondi\u00f3 \u201cs\u00ed\u201d y ya est\u00e1 experimentando los fen\u00f3menos descritos anteriormente, comience el tratamiento de inmediato.<\/p>\n<h2><b>\u00bfC\u00f3mo funcionan las c\u00e1psulas Movi Mob?<\/b><\/h2>\n<p>Sus articulaciones se recuperar\u00e1n de forma r\u00e1pida y fiable gracias a su inusual forma de liberaci\u00f3n. La c\u00e1psula Movi Mob con contenido natural en su interior se almacena en un medio activador l\u00edquido, lo que ayuda a que se absorba adecuadamente en el organismo y comience a actuar de inmediato:<\/p>\n<ul>\n<li aria-level=\"1\">alivia el dolor y la rigidez;<\/li>\n<li aria-level=\"1\">restaura la movilidad;<\/li>\n<li aria-level=\"1\">mejora los procesos metab\u00f3licos locales;<\/li>\n<li aria-level=\"1\">alivia la hinchaz\u00f3n y la inflamaci\u00f3n;<\/li>\n<li aria-level=\"1\">repone la falta de nutrientes;<\/li>\n<li aria-level=\"1\">previene el desarrollo de enfermedades peligrosas;<\/li>\n<li aria-level=\"1\">protege contra lesiones;<\/li>\n<li aria-level=\"1\">mejora la producci\u00f3n de l\u00edquido sinovial;<\/li>\n<li aria-level=\"1\">combate la osteoporosis, fortalece huesos y m\u00fasculos.<\/li>\n<\/ul>\n<h2><b>Ventajas de Movi Mob sobre sus an\u00e1logos es bueno o malo<\/b><\/h2>\n<p><img loading=\"lazy\" decoding=\"async\" class=\"aligncenter size-full wp-image-35\" src=\"http:\/\/clicknclean.es\/farmacia\/wp-content\/uploads\/2024\/09\/Movi-Mob-3.jpg\" alt=\"Movi Mob precio\" width=\"500\" height=\"284\" srcset=\"https:\/\/clicknclean.es\/farmacia\/wp-content\/uploads\/2024\/09\/Movi-Mob-3.jpg 500w, https:\/\/clicknclean.es\/farmacia\/wp-content\/uploads\/2024\/09\/Movi-Mob-3-300x170.jpg 300w\" sizes=\"(max-width: 500px) 100vw, 500px\" \/><\/p>\n<p>Movi Mob le ahorra dinero, resultados reales ya que puede sustituir varios medicamentos a la vez, que normalmente act\u00faan s\u00f3lo en un lado de la enfermedad.<\/p>\n<p>Aunque el curso de tratamiento est\u00e1 dise\u00f1ado para 1 mes de tratamiento, el dolor y la rigidez desaparecer\u00e1n en una semana. Y as\u00ed lo confirman los compradores.<\/p>\n<p>Movi Mob restaura las funciones de la articulaci\u00f3n, por lo que la enfermedad no volver\u00e1.<\/p>\n<p>Act\u00faa a nivel celular, por lo que es apto para pacientes de cualquier edad, con caracter\u00edsticas individuales.<\/p>\n<h2><b>Certificados de calidad<\/b><\/h2>\n<p>Las materias primas naturales se someten a pruebas exhaustivas antes de su procesamiento. Es seguro y retiene todas las sustancias naturales. El producto Movi Mob funciona est\u00e1 certificado y licenciado seg\u00fan est\u00e1ndares internacionales. Los documentos se pueden ver en l\u00ednea al realizar el pedido.<\/p>\n<h2><b>Composici\u00f3n del producto para la salud de las articulaciones Movi Mob<\/b><\/h2>\n<p><img loading=\"lazy\" decoding=\"async\" class=\"aligncenter size-full wp-image-34\" src=\"http:\/\/clicknclean.es\/farmacia\/wp-content\/uploads\/2024\/09\/Movi-Mob-2.jpg\" alt=\"Movi Mob precio farmacia similares\" width=\"500\" height=\"351\" srcset=\"https:\/\/clicknclean.es\/farmacia\/wp-content\/uploads\/2024\/09\/Movi-Mob-2.jpg 500w, https:\/\/clicknclean.es\/farmacia\/wp-content\/uploads\/2024\/09\/Movi-Mob-2-300x211.jpg 300w\" sizes=\"(max-width: 500px) 100vw, 500px\" \/><\/p>\n<p>Cada componente confiable Movi Mob juega un papel importante en la restauraci\u00f3n de la salud de los pacientes:<\/p>\n<ul>\n<li aria-level=\"1\"><b>concentrado de mariscos<\/b> \u2013 mejora el funcionamiento de las articulaciones;<\/li>\n<li aria-level=\"1\"><b>concentrado de ADN de leche de salm\u00f3n:<\/b> afecta los procesos metab\u00f3licos;<\/li>\n<li aria-level=\"1\"><b>cordyceps, Artemia <\/b>\u2013 tienen propiedades fortalecedoras generales;<\/li>\n<li aria-level=\"1\"><b>contrato de tabique de nuez:<\/b> tiene propiedades cicatrizantes y antiinflamatorias;<\/li>\n<li aria-level=\"1\"><b>concentrado de hoja de ginkgo biloba<\/b> \u2013 mejora la circulaci\u00f3n sangu\u00ednea;<\/li>\n<li aria-level=\"1\"><b>aceite de semilla de amaranto:<\/b> detiene la destrucci\u00f3n de las articulaciones y les aporta microelementos \u00fatiles;<\/li>\n<li aria-level=\"1\"><b>aceite de fruto de espino amarillo:<\/b> alivia la hinchaz\u00f3n;<\/li>\n<li aria-level=\"1\"><b>jengibre, concentrado de acebo:<\/b> fortalece los vasos sangu\u00edneos y aumenta su elasticidad;<\/li>\n<li aria-level=\"1\"><b>concentrado de echinops<\/b> \u2013 elimina los focos inflamatorios;<\/li>\n<li aria-level=\"1\"><b>concentrado de lapacho<\/b> \u2013 consolida permanentemente el efecto del tratamiento.<\/li>\n<\/ul>\n<h2><b>Instrucciones de uso de c\u00e1psulas Movi Mob y como se aplica<\/b><\/h2>\n<p>Abrir 1 c\u00e1psula Movi Mob farmacia del ahorro y beber su contenido. No mantener la ampolla abierta por m\u00e1s de 5 minutos. Debes ingerir alimentos c\u00f3mo se usa el 30 minutos despu\u00e9s de tomar el producto.<\/p>\n<h2><b>Contraindicaciones para tomar el medicamento<\/b><\/h2>\n<p>El producto no debe utilizarse si usted es personalmente intolerante a sus componentes.<\/p>\n<h2><b>Efectos secundarios de la droga<\/b><\/h2>\n<p>Los efectos secundarios pueden ser temporales y no causar da\u00f1os a la salud.<\/p>\n<h2><b>Uso durante el embarazo y la lactancia<\/b><\/h2>\n<p>No es recomendable utilizar el medicamento en mujeres embarazadas y lactantes.<\/p>\n<h2><b>Uso en ni\u00f1os<\/b><\/h2>\n<p>Los ni\u00f1os de 6 a 9 a\u00f1os pueden tomar el medicamento en d\u00edas alternos.<\/p>\n<h2><b>Condiciones y plazos de almacenamiento<\/b><\/h2>\n<p>Toda la informaci\u00f3n necesaria est\u00e1 indicada en el embalaje.<\/p>\n<h2><b>\u00bfQu\u00e9 opiniones los compradores sobre Movi Mob?<\/b><\/h2>\n<p><img loading=\"lazy\" decoding=\"async\" class=\"aligncenter size-full wp-image-33\" src=\"http:\/\/clicknclean.es\/farmacia\/wp-content\/uploads\/2024\/09\/Movi-Mob-1.jpg\" alt=\"Movi Mob precio farmacia del ahorro\" width=\"500\" height=\"393\" srcset=\"https:\/\/clicknclean.es\/farmacia\/wp-content\/uploads\/2024\/09\/Movi-Mob-1.jpg 500w, https:\/\/clicknclean.es\/farmacia\/wp-content\/uploads\/2024\/09\/Movi-Mob-1-300x236.jpg 300w\" sizes=\"(max-width: 500px) 100vw, 500px\" \/><\/p>\n<blockquote><p><b>Gustavo<\/b><\/p>\n<p>Me empezaron a doler las articulaciones el a\u00f1o pasado. Al principio pens\u00e9 en afrontar la enfermedad por mi cuenta, utilizando m\u00e9todos tradicionales, pero no obtuve ninguna mejora. Al final, mi esposa me convenci\u00f3 para que fuera al m\u00e9dico. As\u00ed conoc\u00ed la droga Movi Mob precio farmacia del ahorro. \u00a1Y el efecto positivo no te har\u00e1 esperar! Aconsejo a todos los que tengan dolor en las articulaciones que prueben este remedio. \u00a1Compre donde comprar Movi Mob y mant\u00e9ngase saludable!<\/p><\/blockquote>\n<p>&nbsp;<\/p>\n<blockquote><p><b>Ulises<\/b><\/p>\n<p>Debido a las frecuentes visitas al gimnasio, me empezaron a doler notablemente las articulaciones. Prob\u00e9 muchos productos farmac\u00e9uticos, pero no obtuve los resultados deseados. Y cuando estaba completamente desesperada, un m\u00e9dico que conoc\u00eda me recomend\u00f3 el medicamento walmart Movi Mob. Gracias a este producto me siento mucho mejor ahora donde lo puedo conseguir. Pero quiero darte un consejo: \u00a1cu\u00eddate y cuida tu salud! \u00a1Recuerda que m\u00e1s vale prevenir que curar!<\/p><\/blockquote>\n<p>&nbsp;<\/p>\n<blockquote><p><b>Jaaziel<\/b><\/p>\n<p>Los dolores articulares me vienen molestando desde hace muchos a\u00f1os. No fue sin dificultad que me enter\u00e9 de la existencia de la droga Movi Mob precio farmacia similares. Lo us\u00e9 seg\u00fan las instrucciones y gracias a ello r\u00e1pidamente devolv\u00ed la salud a mis articulaciones. \u00a1Espero que mis articulaciones no me decepcionen por mucho tiempo!<\/p><\/blockquote>\n<p>&nbsp;<\/p>\n<blockquote><p><b>Elioenai<\/b><\/p>\n<p>\u00a1C\u00f3mo sufr\u00ed de dolor en las articulaciones! Y todo porque en un momento me dediqu\u00e9 fan\u00e1ticamente a los deportes, y este es el resultado. Durante mucho tiempo me trataron de diferentes maneras hasta que descubr\u00ed el medicamento precio Movi Mob. Desde que comenc\u00e9 a usarlo el dolor dej\u00f3 de molestarme. Por si acaso, tengo Movi Mob en mi botiqu\u00edn de primeros auxilios; si el dolor vuelve, \u00a1s\u00e9 exactamente c\u00f3mo tratar r\u00e1pidamente mis articulaciones!<\/p><\/blockquote>\n<h2><b>D\u00f3nde comprar un producto para la salud de las articulaciones Movi Mob y precio<\/b><\/h2>\n<p>Para recibir uno donde lo venden Movi Mob genuino, deje sus solicitudes en nuestro sitio web. La entrega es r\u00e1pida, independientemente del destino.<\/p>\n","protected":false},"excerpt":{"rendered":"<p>Movi Mob es un complemento alimenticio biol\u00f3gicamente activo dise\u00f1ado para mejorar la salud de las articulaciones y restaurar la movilidad. Gracias a su f\u00f3rmula natural y altamente absorbible, es 6 veces m\u00e1s eficaz que otros productos en el mercado, proporcionando alivio incluso en casos graves de inflamaci\u00f3n y da\u00f1o articular.<\/p>\n","protected":false},"featured_media":32,"comment_status":"open","ping_status":"closed","template":"","meta":[],"product_cat":[15],"product_tag":[],"_links":{"self":[{"href":"https:\/\/clicknclean.es\/farmacia\/wp-json\/wp\/v2\/product\/44"}],"collection":[{"href":"https:\/\/clicknclean.es\/farmacia\/wp-json\/wp\/v2\/product"}],"about":[{"href":"https:\/\/clicknclean.es\/farmacia\/wp-json\/wp\/v2\/types\/product"}],"replies":[{"embeddable":true,"href":"https:\/\/clicknclean.es\/farmacia\/wp-json\/wp\/v2\/comments?post=44"}],"wp:featuredmedia":[{"embeddable":true,"href":"https:\/\/clicknclean.es\/farmacia\/wp-json\/wp\/v2\/media\/32"}],"wp:attachment":[{"href":"https:\/\/clicknclean.es\/farmacia\/wp-json\/wp\/v2\/media?parent=44"}],"wp:term":[{"taxonomy":"product_cat","embeddable":true,"href":"https:\/\/clicknclean.es\/farmacia\/wp-json\/wp\/v2\/product_cat?post=44"},{"taxonomy":"product_tag","embeddable":true,"href":"https:\/\/clicknclean.es\/farmacia\/wp-json\/wp\/v2\/product_tag?post=44"}],"curies":[{"name":"wp","href":"https:\/\/api.w.org\/{rel}","templated":true}]}}