{"id":43,"date":"2024-09-25T07:29:41","date_gmt":"2024-09-25T05:29:41","guid":{"rendered":"https:\/\/clicknclean.es\/farmacia\/?post_type=product&#038;p=43"},"modified":"2024-09-25T07:31:36","modified_gmt":"2024-09-25T05:31:36","slug":"bihecol","status":"publish","type":"product","link":"https:\/\/clicknclean.es\/farmacia\/product\/bihecol\/","title":{"rendered":"Bihecol"},"content":{"rendered":"<table>\n<tbody>\n<tr>\n<td>Sitio web<\/td>\n<td><a href=\"https:\/\/www.bihecol.store\/\">bihecol.store<\/a><\/td>\n<\/tr>\n<tr>\n<td>Acci\u00f3n<\/td>\n<td>\u2714 Estabiliza la presi\u00f3n arterial alta;<br \/>\n\u2714 Cuida tus vasos sangu\u00edneos;<br \/>\n\u2714 Tiene un efecto beneficioso sobre las paredes de los vasos sangu\u00edneos.<\/td>\n<\/tr>\n<tr>\n<td>Componentes<\/td>\n<td>\u2714 Extracto de melisa;<br \/>\n\u2714 Extracto de or\u00e9gano y cola de caballo;<br \/>\n\u2714 Brincar;<br \/>\n\u2714 L-carnitina.<\/td>\n<\/tr>\n<tr>\n<td>Instrucciones de uso<\/td>\n<td>\u2714 Tomar una o dos c\u00e1psulas al d\u00eda.<br \/>\n\u2714 Tomar antes de las comidas.<br \/>\n\u2714 Duraci\u00f3n &#8211; 3 meses.<\/td>\n<\/tr>\n<tr>\n<td>Volumen<\/td>\n<td>20 c\u00e1psulas<\/td>\n<\/tr>\n<tr>\n<td>Precio<\/td>\n<td>\ud83d\uded1 780 MXN<\/td>\n<\/tr>\n<tr>\n<td>Entrega<\/td>\n<td>3 d\u00edas<\/td>\n<\/tr>\n<\/tbody>\n<\/table>\n<h2><b>C\u00e1psulas Bihecol para la hipertensi\u00f3n: \u00a1normaliza la presi\u00f3n arterial en el menor tiempo posible!<\/b><\/h2>\n<p><img loading=\"lazy\" decoding=\"async\" class=\"aligncenter size-full wp-image-27\" src=\"http:\/\/clicknclean.es\/farmacia\/wp-content\/uploads\/2024\/09\/Bihecol-1.jpg\" alt=\"Bihecol medicamento opiniones\" width=\"500\" height=\"337\" srcset=\"https:\/\/clicknclean.es\/farmacia\/wp-content\/uploads\/2024\/09\/Bihecol-1.jpg 500w, https:\/\/clicknclean.es\/farmacia\/wp-content\/uploads\/2024\/09\/Bihecol-1-300x202.jpg 300w\" sizes=\"(max-width: 500px) 100vw, 500px\" \/><\/p>\n<p>Para que sirve Bihecol son c\u00e1psulas dise\u00f1adas para apoyar y estabilizar la presi\u00f3n arterial para que puedas llevar un estilo de vida m\u00e1s saludable.<\/p>\n<p>Los problemas de presi\u00f3n arterial que pueden afectar los vasos sangu\u00edneos son motivo de especial preocupaci\u00f3n en los adultos mayores, pero este suplemento se cre\u00f3 con ingredientes naturales y las revisiones de los usuarios actuales sugieren que sus propiedades deber\u00edan tener un efecto positivo en las paredes de los vasos sangu\u00edneos y la salud del coraz\u00f3n.<\/p>\n<h2><b>\u00bfQu\u00e9 es la presi\u00f3n arterial y qu\u00e9 deber\u00eda ser normal?<\/b><\/h2>\n<p>La presi\u00f3n arterial (PA) es el principal indicador del funcionamiento del coraz\u00f3n como fuerza impulsora de la sangre en el cuerpo. La presi\u00f3n con la que la sangre pasa a trav\u00e9s de los vasos se llama presi\u00f3n arterial o presi\u00f3n arterial. Se mide en mil\u00edmetros de mercurio (mmHg).<\/p>\n<p>La presi\u00f3n m\u00e1s alta se registra cuando la sangre sale del ventr\u00edculo izquierdo del coraz\u00f3n. Una vez en los vasos, la presi\u00f3n disminuye gradualmente y en las venas se vuelve m\u00ednima.<\/p>\n<p>Al medir la presi\u00f3n arterial se tienen en cuenta 3 indicadores:<\/p>\n<ul>\n<li aria-level=\"1\"><b>FC<\/b> (frecuencia card\u00edaca).<\/li>\n<li aria-level=\"1\"><b>Presi\u00f3n sist\u00f3lica<\/b> (superior): muestra la fuerza de la presi\u00f3n arterial en las arterias durante el per\u00edodo de contracci\u00f3n activa del coraz\u00f3n.<\/li>\n<li aria-level=\"1\"><b>Diast\u00f3lica <\/b>(inferior): caracteriza la actividad de los vasos sangu\u00edneos durante la relajaci\u00f3n card\u00edaca. Si el tono y la elasticidad de los vasos son insuficientes, la presi\u00f3n diast\u00f3lica ser\u00e1 alta.<\/li>\n<\/ul>\n<p>Se considera que la presi\u00f3n arterial ideal es 120\/80 mmHg. Arte. Pero en medicina existe la presi\u00f3n de trabajo. Es diferente para cada persona y no afecta el cuerpo ni el bienestar general, a pesar de que los indicadores van m\u00e1s all\u00e1 de lo normal.<\/p>\n<h2><b>\u00bfQu\u00e9 tipo de droga es esta Bihecol es bueno o malo?<\/b><\/h2>\n<p><img loading=\"lazy\" decoding=\"async\" class=\"aligncenter size-full wp-image-28\" src=\"http:\/\/clicknclean.es\/farmacia\/wp-content\/uploads\/2024\/09\/Bihecol-2.jpg\" alt=\"Bihecol opiniones\" width=\"500\" height=\"295\" srcset=\"https:\/\/clicknclean.es\/farmacia\/wp-content\/uploads\/2024\/09\/Bihecol-2.jpg 500w, https:\/\/clicknclean.es\/farmacia\/wp-content\/uploads\/2024\/09\/Bihecol-2-300x177.jpg 300w\" sizes=\"(max-width: 500px) 100vw, 500px\" \/><\/p>\n<p>Bihecol resultados reales fue creado para ayudar a las personas con problemas de presi\u00f3n arterial alta a estabilizar sus valores y mejorar la salud de su coraz\u00f3n.<\/p>\n<p>Estas c\u00e1psulas est\u00e1n creadas para personas que desean bajar la presi\u00f3n arterial y consumir un producto que tambi\u00e9n tenga un efecto positivo en el sistema card\u00edaco.<\/p>\n<h2><b>\u00bfC\u00f3mo funciona el producto?<\/b><\/h2>\n<p>Si alguien est\u00e1 constantemente bajo estr\u00e9s, presi\u00f3n o tiene problemas con el sistema cardiovascular, como se usa el Bihecol puede ser un producto cuyo contenido beneficia su cuerpo y su funci\u00f3n card\u00edaca. Este incre\u00edble producto para la presi\u00f3n arterial puede ayudar eficazmente al cuerpo a regular la presi\u00f3n arterial.<\/p>\n<h2><b>Beneficios de usar Bihecol y como se aplica<\/b><\/h2>\n<p><img loading=\"lazy\" decoding=\"async\" class=\"aligncenter size-full wp-image-29\" src=\"http:\/\/clicknclean.es\/farmacia\/wp-content\/uploads\/2024\/09\/Bihecol-3.jpg\" alt=\"Bihecol farmacia del ahorro\" width=\"500\" height=\"284\" srcset=\"https:\/\/clicknclean.es\/farmacia\/wp-content\/uploads\/2024\/09\/Bihecol-3.jpg 500w, https:\/\/clicknclean.es\/farmacia\/wp-content\/uploads\/2024\/09\/Bihecol-3-300x170.jpg 300w\" sizes=\"(max-width: 500px) 100vw, 500px\" \/><\/p>\n<ol>\n<li aria-level=\"1\">Este producto deber\u00eda ayudar a estabilizar la presi\u00f3n arterial alta y cuidar los vasos sangu\u00edneos.<\/li>\n<li aria-level=\"1\">Puede tener efectos beneficiosos sobre las paredes de los vasos sangu\u00edneos sin efectos secundarios.<\/li>\n<li aria-level=\"1\">Seg\u00fan el fabricante, su f\u00f3rmula se compone de ingredientes naturales.<\/li>\n<li aria-level=\"1\">Seg\u00fan su sitio web, se supone que estas c\u00e1psulas benefician a su coraz\u00f3n.<\/li>\n<\/ol>\n<h2><b>\u00bfQu\u00e9 componentes est\u00e1n incluidos en Bihecol?<\/b><\/h2>\n<p>Bihecol, gracias a sus ingredientes, debe mejorar la circulaci\u00f3n sangu\u00ednea, destruir los co\u00e1gulos sangu\u00edneos y fortalecer las paredes de los vasos sangu\u00edneos, adem\u00e1s de estimular la p\u00e9rdida de peso, el metabolismo y la funci\u00f3n renal.<\/p>\n<p>Bihecol Los ingredientes son de origen natural y fueron elegidos por el fabricante porque su composici\u00f3n deber\u00eda tener un efecto positivo en la prevenci\u00f3n del deterioro de la salud del organismo.<\/p>\n<p>Estos Bihecol ingredientes:<\/p>\n<ol>\n<li aria-level=\"1\"><b>Extracto de melisa.<\/b> Deber\u00eda ayudar a reducir el peso corporal y apoyar la funci\u00f3n renal.<\/li>\n<li aria-level=\"1\"><b>Extracto de or\u00e9gano y cola de caballo:<\/b> ayuda a estabilizar los niveles de az\u00facar en sangre.<\/li>\n<li aria-level=\"1\"><b>Brincar.<\/b> Seg\u00fan el fabricante, este ingrediente deber\u00eda ayudar a mejorar la circulaci\u00f3n sangu\u00ednea.<\/li>\n<li aria-level=\"1\"><b>L-carnitina:<\/b> de todos los ingredientes Bihecol, \u00e9ste mejora el funcionamiento del sistema cardiovascular.<\/li>\n<\/ol>\n<h2><b>\u00bfC\u00f3mo tomar Bihecol c\u00e1psulas?<\/b><\/h2>\n<p><img loading=\"lazy\" decoding=\"async\" class=\"aligncenter size-full wp-image-30\" src=\"http:\/\/clicknclean.es\/farmacia\/wp-content\/uploads\/2024\/09\/Bihecol-4.jpg\" alt=\"Bihecol donde lo puedo conseguir\" width=\"500\" height=\"329\" srcset=\"https:\/\/clicknclean.es\/farmacia\/wp-content\/uploads\/2024\/09\/Bihecol-4.jpg 500w, https:\/\/clicknclean.es\/farmacia\/wp-content\/uploads\/2024\/09\/Bihecol-4-300x197.jpg 300w\" sizes=\"(max-width: 500px) 100vw, 500px\" \/><\/p>\n<p>En cuanto a Bihecol, c\u00f3mo tomarlo, el fabricante recomienda tomar una o dos c\u00e1psulas al d\u00eda. Tambi\u00e9n se sugiere extender la duraci\u00f3n del uso del medicamento por un per\u00edodo de hasta tres meses para obtener los mejores resultados.<\/p>\n<p>Por otro lado, los ingredientes son claves en la forma de tomar, ya que deben aportar vitamina C y adem\u00e1s reducir el riesgo de complicaciones o deterioro del sistema vascular o circulatorio. Bihecol confiable la forma en que funciona tambi\u00e9n puede reducir los efectos causados \u200b\u200bpor la presi\u00f3n y el estr\u00e9s.<\/p>\n<h2><b>Aparici\u00f3n de efectos secundarios<\/b><\/h2>\n<p>Seg\u00fan el fabricante, las personas que toman estas c\u00e1psulas no deber\u00edan experimentar ning\u00fan efecto secundario ni contraindicaci\u00f3n, ya que los ingredientes son naturales y su finalidad es cuidar el sistema cardiovascular.<\/p>\n<p>En cuanto a su uso, este producto fue inventado para fortalecer los vasos sangu\u00edneos y el sistema circulatorio. El m\u00e9todo de acci\u00f3n deber\u00eda ayudar a mejorar la salud del cuerpo y estabilizar la presi\u00f3n arterial alta. Tambi\u00e9n puede encontrar m\u00e1s informaci\u00f3n sobre c\u00f3mo tomarlo en el sitio web del fabricante.<\/p>\n<h2><b>Opiniones reales sobre Bihecol<\/b><\/h2>\n<p>A continuaci\u00f3n se muestran las opiniones y comentarios de usuarios actuales que probaron este producto y compartieron sus comentarios en el foro. Estos comentarios del foro pueden ser \u00fatiles para despejar tus dudas y saber m\u00e1s sobre este producto:<\/p>\n<p>&nbsp;<\/p>\n<blockquote><p><b>Sergio<\/b><\/p>\n<p>Los problemas de presi\u00f3n arterial siempre han sido muy comunes en mi familia, pero yo no quer\u00eda ser uno de ellos, as\u00ed que cuando Cuando comenc\u00e9 a tener problemas con el sistema cardiovascular, comenc\u00e9 a buscar algo que pudiera ayudarme. Gracias a las opiniones de Bihecol farmacia del ahorro conoc\u00ed estas c\u00e1psulas y comenc\u00e9 a cuidar mi sistema card\u00edaco siguiendo las recomendaciones del fabricante. Ahora estoy tranquilo y sin ning\u00fan problema.<\/p><\/blockquote>\n<p>&nbsp;<\/p>\n<blockquote><p><b>\u00c1ngel<\/b><\/p>\n<p>Siempre he estado en riesgo de desarrollar problemas de salud card\u00edaca, as\u00ed que un amigo me mostr\u00f3 las rese\u00f1as en el foro Bihecol donde lo puedo conseguir y c\u00f3mo este producto ha ayudado a tantas personas a mejorar su salud corporal. Lo que m\u00e1s me gust\u00f3 fueron los ingredientes naturales y c\u00f3mo pueden ayudar a contrarrestar los problemas causados \u200b\u200bpor la presi\u00f3n o el estr\u00e9s. Por otro lado el manual de usuario es muy sencillo y cuido mi presi\u00f3n arterial.<\/p><\/blockquote>\n<p>&nbsp;<\/p>\n<blockquote><p><b>H\u00e9ctor<\/b><\/p>\n<p>Me sorprendi\u00f3 seguir viendo cr\u00edticas tan positivas sobre Bihecol as\u00ed que decid\u00ed probarlo para mi presi\u00f3n arterial. Cuando compr\u00e9 Bihecol el precio farmacia del ahorro me pareci\u00f3 muy bueno, as\u00ed que junto con los beneficios de tomar este complejo, en mi experiencia, fue un producto muy efectivo. Normalmente el estr\u00e9s afectar\u00eda mucho mi presi\u00f3n arterial y por supuesto mi salud estaba en riesgo, pero siguiendo las recomendaciones incluidas en las revisiones mejor\u00e9 significativamente.<\/p><\/blockquote>\n<p>&nbsp;<\/p>\n<p>Estas revisiones indican que si una persona experimenta complicaciones causadas por el estr\u00e9s o la presi\u00f3n arterial, el uso de los ingredientes de este complejo puede ayudarla a controlar los s\u00edntomas causados \u200b\u200bpor esta afecci\u00f3n de salud.<\/p>\n<h2><b>\u00bfCu\u00e1l es el precio de Bihecol?<\/b><\/h2>\n<p><img loading=\"lazy\" decoding=\"async\" class=\"aligncenter size-full wp-image-31\" src=\"http:\/\/clicknclean.es\/farmacia\/wp-content\/uploads\/2024\/09\/Bihecol-5.jpg\" alt=\"Bihecol donde comprar\" width=\"500\" height=\"336\" srcset=\"https:\/\/clicknclean.es\/farmacia\/wp-content\/uploads\/2024\/09\/Bihecol-5.jpg 500w, https:\/\/clicknclean.es\/farmacia\/wp-content\/uploads\/2024\/09\/Bihecol-5-300x202.jpg 300w\" sizes=\"(max-width: 500px) 100vw, 500px\" \/><\/p>\n<p>Para conocer el precio farmacia similares de Bihecol, el usuario deber\u00e1 acudir a la web oficial de estas c\u00e1psulas y all\u00ed encontrar\u00e1 toda la informaci\u00f3n sobre cu\u00e1nto cuestan y c\u00f3mo se pueden adquirir. Las opiniones de otros clientes indican que estas c\u00e1psulas pueden tener un precio atractivo, especialmente si se tienen en cuenta sus beneficios.<\/p>\n<p>Adem\u00e1s de conocer el coste walmart Bihecol, en el sitio web oficial el usuario tambi\u00e9n puede realizar un pedido y registrar la venta del producto siguiendo sencillas instrucciones e ingresando su direcci\u00f3n de correo electr\u00f3nico.<\/p>\n<h2><b>\u00bfD\u00f3nde comprar Bihecol? Disponibilidad en farmacias<\/b><\/h2>\n<p>El \u00fanico lugar donde lo venden Bihecol es la web oficial de estas c\u00e1psulas, por lo que no puedes encontrarlas en farmacias.<\/p>\n<p>El proceso de venta y distribuci\u00f3n corre a cargo del fabricante, por lo que el comprador puede completar la compra de la vivienda sin tener que desplazarse a la farmacia. Aparte de que el sitio es un lugar exclusivo Bihecol donde comprar, desde aqu\u00ed, simplemente utilizando su correo electr\u00f3nico, el comprador podr\u00e1 contactar con los proveedores para comprar las unidades que necesite.<\/p>\n<h2><b>Bihecol \u2013 \u00bfSe vende en plataformas comerciales?<\/b><\/h2>\n<p>Aunque no se vende en plataformas online utilizando su direcci\u00f3n de correo electr\u00f3nico, el comprador podr\u00e1 adquirir el producto desde el sitio web oficial.<\/p>\n<p>Para comprar este medicamento, debe visitar el sitio web del fabricante y utilizar su direcci\u00f3n de correo electr\u00f3nico para realizar un pedido. Esta es la \u00fanica forma de comprar estas c\u00e1psulas.<\/p>\n<p>Estas c\u00e1psulas se venden \u00fanicamente en el sitio web oficial y no en ninguna plataforma comercial. Al realizar una compra a trav\u00e9s de este medio, el comprador tendr\u00e1 la confianza de que est\u00e1 adquiriendo el producto adecuado e incluso podr\u00e1 recibir un descuento.<\/p>\n<h2><b>Preguntas m\u00e1s frecuentes<\/b><\/h2>\n<h3>\u00bfCu\u00e1l es la composici\u00f3n de estas c\u00e1psulas?<\/h3>\n<p>Estas c\u00e1psulas est\u00e1n elaboradas a base de ingredientes naturales como extracto de melisa, extracto de or\u00e9gano y cola de caballo, l\u00fapulo y L-carnitina.<\/p>\n<h3>\u00bfC\u00f3mo tomar el producto?<\/h3>\n<p>Tomar una o dos dosis diarias con un vaso de agua. El uso prolongado durante tres meses deber\u00eda tener un efecto positivo sobre la presi\u00f3n arterial y el estado de los vasos sangu\u00edneos.<\/p>\n<h3>\u00bfD\u00f3nde se vende Bihecol?<\/h3>\n<p>Estas tabletas se venden \u00fanicamente en el sitio web oficial del fabricante. All\u00ed el comprador puede realizar un pedido y conocer tambi\u00e9n los aspectos positivos y propiedades de estas c\u00e1psulas para la presi\u00f3n card\u00edaca.<\/p>\n","protected":false},"excerpt":{"rendered":"<p>Bihecol es un producto eficaz dise\u00f1ado para estabilizar la presi\u00f3n arterial y mejorar la salud del coraz\u00f3n. Estas c\u00e1psulas son ideales para quienes buscan un apoyo adicional para el sistema cardiovascular y desean mantener sus valores bajo control.<\/p>\n","protected":false},"featured_media":26,"comment_status":"open","ping_status":"closed","template":"","meta":[],"product_cat":[15],"product_tag":[],"_links":{"self":[{"href":"https:\/\/clicknclean.es\/farmacia\/wp-json\/wp\/v2\/product\/43"}],"collection":[{"href":"https:\/\/clicknclean.es\/farmacia\/wp-json\/wp\/v2\/product"}],"about":[{"href":"https:\/\/clicknclean.es\/farmacia\/wp-json\/wp\/v2\/types\/product"}],"replies":[{"embeddable":true,"href":"https:\/\/clicknclean.es\/farmacia\/wp-json\/wp\/v2\/comments?post=43"}],"wp:featuredmedia":[{"embeddable":true,"href":"https:\/\/clicknclean.es\/farmacia\/wp-json\/wp\/v2\/media\/26"}],"wp:attachment":[{"href":"https:\/\/clicknclean.es\/farmacia\/wp-json\/wp\/v2\/media?parent=43"}],"wp:term":[{"taxonomy":"product_cat","embeddable":true,"href":"https:\/\/clicknclean.es\/farmacia\/wp-json\/wp\/v2\/product_cat?post=43"},{"taxonomy":"product_tag","embeddable":true,"href":"https:\/\/clicknclean.es\/farmacia\/wp-json\/wp\/v2\/product_tag?post=43"}],"curies":[{"name":"wp","href":"https:\/\/api.w.org\/{rel}","templated":true}]}}