{"id":41,"date":"2024-09-25T07:28:00","date_gmt":"2024-09-25T05:28:00","guid":{"rendered":"https:\/\/clicknclean.es\/farmacia\/?post_type=product&#038;p=41"},"modified":"2024-09-25T07:31:41","modified_gmt":"2024-09-25T05:31:41","slug":"longex","status":"publish","type":"product","link":"https:\/\/clicknclean.es\/farmacia\/product\/longex\/","title":{"rendered":"LongeX"},"content":{"rendered":"<table>\n<tbody>\n<tr>\n<td>Sitio web<\/td>\n<td>LongeX.es<\/td>\n<\/tr>\n<tr>\n<td>Acci\u00f3n<\/td>\n<td>\u2714 Absoluta seguridad en el uso;<br \/>\n\u2714 Sin efectos secundarios ni contraindicaciones;<br \/>\n\u2714 Compatible con alcohol;<br \/>\n\u2714 Tiene un efecto acumulativo.<\/td>\n<\/tr>\n<tr>\n<td>Componentes<\/td>\n<td>\u2714 La composici\u00f3n de la droga \u00edntima es completamente natural, segura y no tiene efectos secundarios.<br \/>\n\u2714 Todos los ingredientes son hipoalerg\u00e9nicos.<\/td>\n<\/tr>\n<tr>\n<td>Instrucciones de uso<\/td>\n<td>Se recomienda tomar media hora antes de la relaci\u00f3n sexual. \u00daselo al menos 3 o 4 veces por semana y se recomienda el uso diario para obtener resultados a\u00fan m\u00e1s r\u00e1pidos.<\/td>\n<\/tr>\n<tr>\n<td>Volumen<\/td>\n<td>6 c\u00e1psulas<\/td>\n<\/tr>\n<tr>\n<td>Precio<\/td>\n<td>\ud83d\uded1 780 MXN<\/td>\n<\/tr>\n<tr>\n<td>Entrega<\/td>\n<td>Alrededor de una semana<\/td>\n<\/tr>\n<\/tbody>\n<\/table>\n<h2><b>LongeX \u2013 tama\u00f1o de titanio y placer duradero<\/b><\/h2>\n<p><img loading=\"lazy\" decoding=\"async\" class=\"aligncenter size-full wp-image-21\" src=\"http:\/\/clicknclean.es\/farmacia\/wp-content\/uploads\/2024\/09\/LongeX-1.jpg\" alt=\"LongeX es bueno o malo\" width=\"500\" height=\"356\" srcset=\"https:\/\/clicknclean.es\/farmacia\/wp-content\/uploads\/2024\/09\/LongeX-1.jpg 500w, https:\/\/clicknclean.es\/farmacia\/wp-content\/uploads\/2024\/09\/LongeX-1-300x214.jpg 300w\" sizes=\"(max-width: 500px) 100vw, 500px\" \/><\/p>\n<p>LongeX es un f\u00e1rmaco potente para agrandar el \u00f3rgano sexual masculino, con un efecto eficaz sobre la potencia. Este producto mejorar\u00e1 tu vida sexual y su calidad, y el efecto comienza despu\u00e9s del primer uso. Restaura la erecci\u00f3n natural y aumenta el deseo sexual.<\/p>\n<p>La mayor\u00eda de los hombres niegan tener problemas de erecci\u00f3n y potencia. Las causas de los problemas de disfunci\u00f3n er\u00e9ctil incluyen estr\u00e9s, ansiedad, lesiones, diabetes, presi\u00f3n arterial alta y muchas otras.<\/p>\n<p>Muchos hombres tienen problemas de erecci\u00f3n o eyaculaci\u00f3n precoz, pero esto se debe principalmente a la ansiedad m\u00e1s que a problemas de salud.<\/p>\n<p>La ajetreada vida diaria de una persona moderna conduce a un deterioro del funcionamiento normal de los \u00f3rganos e incluso a una disminuci\u00f3n de la libido. No tienes que dejar que los problemas contin\u00faen porque ahora existe una soluci\u00f3n sencilla y r\u00e1pida. Para que sirve LongeX puede dar resultados r\u00e1pidos y duraderos.<\/p>\n<h2><b>Principales enfermedades del \u00f3rgano genital<\/b><\/h2>\n<p>Las principales enfermedades del pene y del escroto incluyen:<\/p>\n<ol>\n<li aria-level=\"1\"><b>Prostatitis.<\/b> Esta enfermedad se desarrolla en el contexto de un proceso inflamatorio agudo. Puede ser provocada por trastornos hormonales (incluidos los relacionados con la edad), infecciones genitales e hipotermia.<\/li>\n<li aria-level=\"1\"><b>Adenoma de pr\u00f3stata. <\/b>Esta patolog\u00eda es un tumor benigno. Ocurre en hombres mayores de 40 a\u00f1os (principalmente). Con patolog\u00eda, aparecen n\u00f3dulos en la pr\u00f3stata que comprimen la uretra e impiden el paso normal de la orina.<\/li>\n<li aria-level=\"1\"><b>Varicocele.<\/b> Esta enfermedad es peligrosa porque puede causar infertilidad. Ocurre en el contexto de venas varicosas en los test\u00edculos.<\/li>\n<li aria-level=\"1\"><b>Hidrocele (\u00abhidropes\u00eda\u00bb).<\/b> Esta patolog\u00eda ocurre en el contexto de una mayor concentraci\u00f3n de l\u00edquido seroso entre las membranas del test\u00edculo. Un signo claro de hidrocele es un fuerte aumento del volumen de los test\u00edculos.<\/li>\n<li aria-level=\"1\"><b>Cavernita.<\/b> Esta enfermedad se caracteriza por un proceso inflamatorio del cuerpo cavernoso del pene. Como regla general, la patolog\u00eda se desarrolla cuando se infecta con gonorrea.<\/li>\n<li aria-level=\"1\"><b>Vesiculitis.<\/b> Esta inflamaci\u00f3n se produce en las ves\u00edculas seminales. Se caracteriza por dolor no s\u00f3lo en la ingle, sino tambi\u00e9n en la parte inferior del abdomen y el sacro. Los pacientes tambi\u00e9n se quejan de molestias durante la erecci\u00f3n e incluso de dolores de cabeza.<\/li>\n<\/ol>\n<h2><b>\u00bfQu\u00e9 son las c\u00e1psulas LongeX?<\/b><\/h2>\n<p><img loading=\"lazy\" decoding=\"async\" class=\"aligncenter size-full wp-image-22\" src=\"http:\/\/clicknclean.es\/farmacia\/wp-content\/uploads\/2024\/09\/LongeX-2.jpg\" alt=\"LongeX como se usa el\" width=\"500\" height=\"394\" srcset=\"https:\/\/clicknclean.es\/farmacia\/wp-content\/uploads\/2024\/09\/LongeX-2.jpg 500w, https:\/\/clicknclean.es\/farmacia\/wp-content\/uploads\/2024\/09\/LongeX-2-300x236.jpg 300w\" sizes=\"(max-width: 500px) 100vw, 500px\" \/><\/p>\n<p>LongeX es un f\u00e1rmaco que, tras su administraci\u00f3n, el \u00f3rgano comienza a actuar en varias direcciones. Aumenta la longitud y el grosor del pene, aumenta el deseo sexual, proporciona potencia sexual y durabilidad durante las relaciones sexuales, es seguro y f\u00e1cil de usar. Despu\u00e9s de dos semanas de uso, la erecci\u00f3n se prolong\u00f3 notablemente, el pene se volvi\u00f3 m\u00e1s el\u00e1stico y su sensibilidad se duplic\u00f3. La tercera semana contribuye a la duraci\u00f3n del acto, y en la cuarta semana el pene ya mide +5 cm.<\/p>\n<p>Los ingredientes especiales LongeX act\u00faan sobre los tejidos del pene para aumentar la longitud y el grosor de forma segura y realista. El \u00e9xtasis de tu pareja est\u00e1 garantizado y, como resultado, tu producci\u00f3n de hormona masculina aumentar\u00e1 y en unos d\u00edas sentir\u00e1s una erecci\u00f3n de hierro.<\/p>\n<h2><b>Ventajas de la droga<\/b><\/h2>\n<p>Producto para agrandar el pene LongeX es un producto que pr\u00e1cticamente no tiene an\u00e1logos. Hoy en d\u00eda no existen f\u00e1rmacos igualmente eficaces. Adem\u00e1s, las c\u00e1psulas tienen las siguientes ventajas:<\/p>\n<ul>\n<li aria-level=\"1\">Composici\u00f3n natural;<\/li>\n<li aria-level=\"1\">Absoluta seguridad en el uso;<\/li>\n<li aria-level=\"1\">Sin efectos secundarios ni contraindicaciones;<\/li>\n<li aria-level=\"1\">Compatible con alcohol;<\/li>\n<li aria-level=\"1\">Tiene un efecto acumulativo.<\/li>\n<\/ul>\n<h2><b>\u00bfQu\u00e9 principios de influencia subyacen?<\/b><\/h2>\n<p>Las enzimas especiales en combinaci\u00f3n con los afrodis\u00edacos incluidos en el medicamento tienen el mejor efecto sobre los tejidos org\u00e1nicos, estir\u00e1ndolos de manera inofensiva, lo que conduce a la estimulaci\u00f3n del crecimiento del pene. Adem\u00e1s, el producto tiene efectos adicionales:<\/p>\n<ul>\n<li aria-level=\"1\">promueve una mayor circulaci\u00f3n sangu\u00ednea en el \u00f3rgano genital;<\/li>\n<li aria-level=\"1\">estimula la producci\u00f3n de testosterona;<\/li>\n<li aria-level=\"1\">ayuda a aumentar la sensibilidad del pene;<\/li>\n<li aria-level=\"1\">promueve la expansi\u00f3n de los vasos sangu\u00edneos en el \u00f3rgano genital;<\/li>\n<li aria-level=\"1\">estabiliza la funci\u00f3n er\u00e9ctil;<\/li>\n<li aria-level=\"1\">promueve una mayor excitaci\u00f3n y deseo sexual;<\/li>\n<li aria-level=\"1\">tiene un efecto positivo sobre la pr\u00f3stata;<\/li>\n<li aria-level=\"1\">alivia la inflamaci\u00f3n y la congesti\u00f3n en el \u00f3rgano p\u00e9lvico.<\/li>\n<\/ul>\n<h2><b>\u00bfQu\u00e9 hay en LongeX?<\/b><\/h2>\n<p><img loading=\"lazy\" decoding=\"async\" class=\"aligncenter size-full wp-image-23\" src=\"http:\/\/clicknclean.es\/farmacia\/wp-content\/uploads\/2024\/09\/LongeX-3.jpg\" alt=\"LongeX como se aplica\" width=\"500\" height=\"486\" srcset=\"https:\/\/clicknclean.es\/farmacia\/wp-content\/uploads\/2024\/09\/LongeX-3.jpg 500w, https:\/\/clicknclean.es\/farmacia\/wp-content\/uploads\/2024\/09\/LongeX-3-300x292.jpg 300w\" sizes=\"(max-width: 500px) 100vw, 500px\" \/><\/p>\n<p>La composici\u00f3n de la droga \u00edntima LongeX es completamente natural, segura y no tiene efectos secundarios. Se puede utilizar a diario. Algunos ingredientes incluyen arginina, que ayuda a fortalecer las funciones reproductivas, mejora la circulaci\u00f3n sangu\u00ednea y, en general, tiene un efecto positivo sobre la potencia. El fruto del guaran\u00e1 estimula poderosamente la libido, aumenta la potencia y prolonga las relaciones sexuales, aumentando considerablemente la resistencia. LongeX tambi\u00e9n contiene extracto de caracol y gluconato de zinc, que completan la innovadora f\u00f3rmula.<\/p>\n<p>Todos estos ingredientes son hipoalerg\u00e9nicos y no provocan efectos secundarios desagradables. Adem\u00e1s, no son adictivos. Una vez que dejes de usar LongeX, los efectos continuar\u00e1n y no ser\u00e1 necesario seguir tom\u00e1ndolos.<\/p>\n<h2><b>Efecto y resultados de tomar el medicamento LongeX es bueno o malo<\/b><\/h2>\n<p>C\u00e1psulas para mejorar la funci\u00f3n sexual y el agrandamiento. El pene tiene varios efectos garantizados: aumenta el tama\u00f1o medio y el grosor del pene, elimina la eyaculaci\u00f3n precoz y aumenta la resistencia durante las relaciones sexuales. \u00a1Con LongeX resultados reales ambos socios lo disfrutar\u00e1n!<\/p>\n<p>La medicina moderna ofrece muchos m\u00e9todos alternativos para agrandar el pene y solucionar los problemas de erecci\u00f3n. Estos m\u00e9todos quir\u00fargicos a veces pueden ser inaccesibles o dolorosos y conllevan muchos riesgos. En tales casos, los expertos recomiendan utilizar productos naturales y org\u00e1nicos que componen el medicamento LongeX.<\/p>\n<h2><b>Instrucciones de uso LongeX y como se aplica<\/b><\/h2>\n<p>Cuando recibas como se usa el LongeX en la caja encontrar\u00e1s un folleto con instrucciones detalladas para usar las c\u00e1psulas. Se recomienda tomar media hora antes de la relaci\u00f3n sexual. \u00daselo al menos 3 o 4 veces por semana y se recomienda el uso diario para obtener resultados a\u00fan m\u00e1s r\u00e1pidos. Los expertos insisten en que las c\u00e1psulas LongeX no provocan efectos secundarios ni reacciones al\u00e9rgicas y que los resultados obtenidos duran para siempre.<\/p>\n<h2><b>Opiniones de los hombres sobre la eficacia LongeX<\/b><\/h2>\n<p><img loading=\"lazy\" decoding=\"async\" class=\"aligncenter size-full wp-image-24\" src=\"http:\/\/clicknclean.es\/farmacia\/wp-content\/uploads\/2024\/09\/LongeX-4.jpg\" alt=\"LongeX funciona\" width=\"500\" height=\"343\" srcset=\"https:\/\/clicknclean.es\/farmacia\/wp-content\/uploads\/2024\/09\/LongeX-4.jpg 500w, https:\/\/clicknclean.es\/farmacia\/wp-content\/uploads\/2024\/09\/LongeX-4-300x206.jpg 300w\" sizes=\"(max-width: 500px) 100vw, 500px\" \/><\/p>\n<p>LongeX Internet no carece de inter\u00e9s y, por supuesto, se pueden encontrar f\u00e1cilmente comentarios, ejemplos y rese\u00f1as. Intentamos consultar foros t\u00edpicos sobre el famoso remedio. Hubo muchos comentarios positivos y rese\u00f1as LongeX. Algunos comentarios se\u00f1alaron problemas con la entrega a \u00e1reas remotas, pero los comentarios sobre la efectividad de las c\u00e1psulas fueron en general positivos.<\/p>\n<p>Adem\u00e1s de opiniones y rese\u00f1as sobre las c\u00e1psulas LongeX de hombres, tambi\u00e9n hubo rese\u00f1as de mujeres. En sus rese\u00f1as de las c\u00e1psulas, las mujeres escribieron que pudieron devolver el brillo a los ojos de su pareja. Seg\u00fan sus comentarios le recomiendan a amigos c\u00f3mo funciona LongeX. Algunos incluso aprovechan el inicio de los juegos previos tomando c\u00e1psulas, y as\u00ed consiguen un placer a\u00fan mayor. Las redes sociales est\u00e1n llenas de opiniones y rese\u00f1as sobre la efectividad de las c\u00e1psulas. All\u00ed, por supuesto, la gente es un poco m\u00e1s selectiva porque su perfil se puede verificar f\u00e1cilmente. Sin embargo, tambi\u00e9n hay rese\u00f1as m\u00e1s liberales de confiable LongeX.<\/p>\n<h2><b>Opiniones<\/b><\/h2>\n<p>&nbsp;<\/p>\n<blockquote><p><b>Eric<\/b><\/p>\n<p>A mi edad, agrandar el pene s\u00f3lo era posible quir\u00fargicamente, pero el m\u00e9dico me dijo que esperara y probara una innovaci\u00f3n: el medicamento LongeX. Lo frot\u00e9 varias veces al d\u00eda. Inmediatamente not\u00e9 que el \u00f3rgano empez\u00f3 a crecer. Como resultado, ahora tengo confianza en m\u00ed mismo, \u00a1mis 16 cm han aumentado a 21!<\/p><\/blockquote>\n<p>&nbsp;<\/p>\n<blockquote><p><b>Gerardo<\/b><\/p>\n<p>Utilizo el concentrado estimulante LongeX farmacia del ahorro todas las noches. No s\u00f3lo promueve la m\u00e1xima mejora masculina sino que tambi\u00e9n protege contra agentes nocivos que pueden transmitirse durante las relaciones sexuales sin protecci\u00f3n. Fortalece la erecci\u00f3n y previene fallos de encendido.<\/p><\/blockquote>\n<p>&nbsp;<\/p>\n<blockquote><p><b>Aldrich<\/b><\/p>\n<p>Estoy completamente satisfecho con el efecto del nuevo producto LongeX donde lo puedo conseguir. Aument\u00f3 el ancho y la longitud de mi pene. Ahora ya no tengo complejo a la hora de invitar a una mujer a visitarme. Estoy seguro de que habr\u00e1 una intimidad brillante y duradera con sensaciones y orgasmos poderosos.<\/p><\/blockquote>\n<p>&nbsp;<\/p>\n<blockquote><p><b>Jeziel<\/b><\/p>\n<p>En un foro le\u00ed sobre LongeX. Muchos dijeron que este medicamento agranda el pene y estabiliza la erecci\u00f3n. No lo cre\u00ed de inmediato, pero decid\u00ed intentarlo. Ya sabes, \u00a1el resultado super\u00f3 todas las expectativas!<\/p><\/blockquote>\n<h2><b>\u00bfD\u00f3nde lo venden LongeX? \u00bfCu\u00e1l es el precio?<\/b><\/h2>\n<p><img loading=\"lazy\" decoding=\"async\" class=\"aligncenter size-full wp-image-25\" src=\"http:\/\/clicknclean.es\/farmacia\/wp-content\/uploads\/2024\/09\/LongeX-5.jpg\" alt=\"LongeX confiable\" width=\"500\" height=\"359\" srcset=\"https:\/\/clicknclean.es\/farmacia\/wp-content\/uploads\/2024\/09\/LongeX-5.jpg 500w, https:\/\/clicknclean.es\/farmacia\/wp-content\/uploads\/2024\/09\/LongeX-5-300x215.jpg 300w\" sizes=\"(max-width: 500px) 100vw, 500px\" \/><\/p>\n<p>D\u00f3nde comprar LongeX: lea las siguientes l\u00edneas. Para realizar una compra para una mejora masculina natural y sencilla, debe visitar el sitio web oficial. All\u00ed encontrar\u00e1 un breve formulario donde podr\u00e1 dejar sus nombres y n\u00famero de tel\u00e9fono. El operador se pondr\u00e1 en contacto contigo y podr\u00e1s aclarar discretamente los detalles del pedido: direcci\u00f3n y fecha. El pago se produce al recibir el pedido. El precio farmacia similares de las c\u00e1psulas walmart LongeX se puede reducir a\u00fan m\u00e1s al comprar m\u00e1s de 1 unidad. Nuestra comprobaci\u00f3n mostr\u00f3 que el precio farmacia del ahorro de LongeX es el mismo en todos los pa\u00edses.<\/p>\n<p>Como ya dijimos, este producto es completamente natural y no adictivo. La mayor\u00eda de las alternativas del mercado est\u00e1n llenas de productos qu\u00edmicos y cuestan m\u00e1s. Recuperar tu placer es confianza en el sexo.<\/p>\n<p>Sin embargo, tenga en cuenta que no encontrar\u00e1 LongeX en las farmacias. En lugares como este y sex-shops lo m\u00e1s probable es que te encuentres con alg\u00fan tipo de imitaci\u00f3n fraudulenta LongeX. Desafortunadamente, ya se est\u00e1n extendiendo y se miente a muchas personas. Incluso si le ofrecen un precio m\u00e1s bajo, no se deje enga\u00f1ar: compre el medicamento real en cuanto a eficacia y tama\u00f1o s\u00f3lo en el sitio web oficial.<\/p>\n<h2><b>\u00a1LongeX te ayudar\u00e1 a satisfacer incluso tus deseos sexuales m\u00e1s salvajes!<\/b><\/h2>\n<p>Cuidado con las falsificaciones, el producto se vende \u00fanicamente a trav\u00e9s del sitio web oficial del fabricante. LongeX no se puede encontrar ni en farmacias ni en cadenas minoristas. LongeX es un f\u00e1rmaco recomendado por hombres de todo el mundo, con eficacia comprobada. \u00a1Ahora podr\u00e1s mejorar notablemente tu vida sexual y dar el placer de tus sue\u00f1os a un precio promocional con un -50% de descuento!<\/p>\n","protected":false},"excerpt":{"rendered":"<p>LongeX es un potente suplemento dise\u00f1ado para mejorar la potencia masculina y aumentar el tama\u00f1o del \u00f3rgano sexual. Sus efectos comienzan desde el primer uso, restaurando la erecci\u00f3n natural y elevando el deseo sexual para una mejor calidad de vida \u00edntima.<\/p>\n","protected":false},"featured_media":20,"comment_status":"open","ping_status":"closed","template":"","meta":[],"product_cat":[15],"product_tag":[],"_links":{"self":[{"href":"https:\/\/clicknclean.es\/farmacia\/wp-json\/wp\/v2\/product\/41"}],"collection":[{"href":"https:\/\/clicknclean.es\/farmacia\/wp-json\/wp\/v2\/product"}],"about":[{"href":"https:\/\/clicknclean.es\/farmacia\/wp-json\/wp\/v2\/types\/product"}],"replies":[{"embeddable":true,"href":"https:\/\/clicknclean.es\/farmacia\/wp-json\/wp\/v2\/comments?post=41"}],"wp:featuredmedia":[{"embeddable":true,"href":"https:\/\/clicknclean.es\/farmacia\/wp-json\/wp\/v2\/media\/20"}],"wp:attachment":[{"href":"https:\/\/clicknclean.es\/farmacia\/wp-json\/wp\/v2\/media?parent=41"}],"wp:term":[{"taxonomy":"product_cat","embeddable":true,"href":"https:\/\/clicknclean.es\/farmacia\/wp-json\/wp\/v2\/product_cat?post=41"},{"taxonomy":"product_tag","embeddable":true,"href":"https:\/\/clicknclean.es\/farmacia\/wp-json\/wp\/v2\/product_tag?post=41"}],"curies":[{"name":"wp","href":"https:\/\/api.w.org\/{rel}","templated":true}]}}